{"id":16567,"date":"2024-10-11T18:22:36","date_gmt":"2024-10-11T18:22:36","guid":{"rendered":"https:\/\/victoryis.org\/?page_id=16567"},"modified":"2026-04-07T19:51:40","modified_gmt":"2026-04-07T19:51:40","slug":"missao-visao-valores","status":"publish","type":"page","link":"https:\/\/victoryis.org\/en\/missao-visao-valores\/","title":{"rendered":"Miss\u00e3o, vis\u00e3o e valores"},"content":{"rendered":"<div data-elementor-type=\"wp-page\" data-elementor-id=\"16567\" class=\"elementor elementor-16567\" data-elementor-settings=\"{&quot;ha_cmc_init_switcher&quot;:&quot;no&quot;}\">\n\t\t\t\t<div class=\"elementor-element elementor-element-a0e3c5c e-flex e-con-boxed wpr-particle-no wpr-jarallax-no wpr-parallax-no wpr-sticky-section-no e-con e-parent\" data-id=\"a0e3c5c\" data-element_type=\"container\" data-settings=\"{&quot;background_background&quot;:&quot;classic&quot;,&quot;_ha_eqh_enable&quot;:false}\">\n\t\t\t\t\t<div class=\"e-con-inner\">\n\t\t<div class=\"elementor-element elementor-element-9aa6802 e-con-full e-flex wpr-particle-no wpr-jarallax-no wpr-parallax-no wpr-sticky-section-no e-con e-child\" data-id=\"9aa6802\" data-element_type=\"container\" data-settings=\"{&quot;_ha_eqh_enable&quot;:false}\">\n\t\t\t\t<div class=\"elementor-element elementor-element-ac132c2 elementor-invisible elementor-widget elementor-widget-heading\" data-id=\"ac132c2\" data-element_type=\"widget\" data-settings=\"{&quot;_animation&quot;:&quot;fadeInDown&quot;}\" data-widget_type=\"heading.default\">\n\t\t\t\t<div class=\"elementor-widget-container\">\n\t\t\t\t\t<h1 class=\"elementor-heading-title elementor-size-default\">Miss\u00e3o, vis\u00e3o e valores<\/h1>\t\t\t\t<\/div>\n\t\t\t\t<\/div>\n\t\t\t\t<\/div>\n\t\t\t\t\t<\/div>\n\t\t\t\t<\/div>\n\t\t\t\t<section class=\"elementor-section elementor-top-section elementor-element elementor-element-2f43d2d1 elementor-section-boxed elementor-section-height-default elementor-section-height-default wpr-particle-no wpr-jarallax-no wpr-parallax-no wpr-sticky-section-no\" data-id=\"2f43d2d1\" data-element_type=\"section\" data-settings=\"{&quot;_ha_eqh_enable&quot;:false}\">\n\t\t\t\t\t\t<div class=\"elementor-container elementor-column-gap-default\">\n\t\t\t\t\t<div class=\"elementor-column elementor-col-100 elementor-top-column elementor-element elementor-element-26e1f3b\" data-id=\"26e1f3b\" data-element_type=\"column\">\n\t\t\t<div class=\"elementor-widget-wrap elementor-element-populated\">\n\t\t\t\t\t\t<section class=\"elementor-section elementor-inner-section elementor-element elementor-element-2cdd9826 elementor-reverse-mobile elementor-section-full_width elementor-reverse-tablet elementor-section-height-default elementor-section-height-default wpr-particle-no wpr-jarallax-no wpr-parallax-no wpr-sticky-section-no\" data-id=\"2cdd9826\" data-element_type=\"section\" data-settings=\"{&quot;_ha_eqh_enable&quot;:false}\">\n\t\t\t\t\t\t<div class=\"elementor-container elementor-column-gap-default\">\n\t\t\t\t\t<div class=\"elementor-column elementor-col-50 elementor-inner-column elementor-element elementor-element-254b510b\" data-id=\"254b510b\" data-element_type=\"column\">\n\t\t\t<div class=\"elementor-widget-wrap elementor-element-populated\">\n\t\t\t\t\t\t<div class=\"elementor-element elementor-element-197398ef elementor-widget elementor-widget-heading\" data-id=\"197398ef\" data-element_type=\"widget\" data-widget_type=\"heading.default\">\n\t\t\t\t<div class=\"elementor-widget-container\">\n\t\t\t\t\t<h2 class=\"elementor-heading-title elementor-size-default\">1. Miss\u00e3o<\/h2>\t\t\t\t<\/div>\n\t\t\t\t<\/div>\n\t\t\t\t<div class=\"elementor-element elementor-element-b67d34b elementor-widget elementor-widget-text-editor\" data-id=\"b67d34b\" data-element_type=\"widget\" data-widget_type=\"text-editor.default\">\n\t\t\t\t<div class=\"elementor-widget-container\">\n\t\t\t\t\t\t\t\t\t<p>Formar l\u00edderes com cosmovis\u00e3o b\u00edblica que ser\u00e3o agentes de influ\u00eancia e transforma\u00e7\u00e3o na sociedade.<\/p>\t\t\t\t\t\t\t\t<\/div>\n\t\t\t\t<\/div>\n\t\t\t\t<div class=\"elementor-element elementor-element-f100dec elementor-widget elementor-widget-heading\" data-id=\"f100dec\" data-element_type=\"widget\" data-widget_type=\"heading.default\">\n\t\t\t\t<div class=\"elementor-widget-container\">\n\t\t\t\t\t<h2 class=\"elementor-heading-title elementor-size-default\">2. Vis\u00e3o<\/h2>\t\t\t\t<\/div>\n\t\t\t\t<\/div>\n\t\t\t\t<div class=\"elementor-element elementor-element-38f2f3a elementor-widget elementor-widget-text-editor\" data-id=\"38f2f3a\" data-element_type=\"widget\" data-widget_type=\"text-editor.default\">\n\t\t\t\t<div class=\"elementor-widget-container\">\n\t\t\t\t\t\t\t\t\t<p>Ser refer\u00eancia em educa\u00e7\u00e3o com valores e princ\u00edpios b\u00edblicos, formando l\u00edderes e cidad\u00e3os \u00edntegros para influenciar e transformar a sociedade.<\/p>\t\t\t\t\t\t\t\t<\/div>\n\t\t\t\t<\/div>\n\t\t\t\t<div class=\"elementor-element elementor-element-da9493f elementor-widget elementor-widget-heading\" data-id=\"da9493f\" data-element_type=\"widget\" data-widget_type=\"heading.default\">\n\t\t\t\t<div class=\"elementor-widget-container\">\n\t\t\t\t\t<h2 class=\"elementor-heading-title elementor-size-default\">3. Valores<\/h2>\t\t\t\t<\/div>\n\t\t\t\t<\/div>\n\t\t\t\t<div class=\"elementor-element elementor-element-943adf4 elementor-widget elementor-widget-text-editor\" data-id=\"943adf4\" data-element_type=\"widget\" data-widget_type=\"text-editor.default\">\n\t\t\t\t<div class=\"elementor-widget-container\">\n\t\t\t\t\t\t\t\t\t<p><strong>Verdade &#8211;<\/strong> A verdade \u00e9 um pilar fundamental que permeia todos os aspectos do ensino, do conv\u00edvio e das pr\u00e1ticas di\u00e1rias. Acreditamos que a busca e a valoriza\u00e7\u00e3o da verdade s\u00e3o essenciais para o desenvolvimento intelectual e moral dos nossos alunos. Encorajamos uma cultura onde a honestidade, a transpar\u00eancia e a integridade s\u00e3o cultivadas, tanto nas rela\u00e7\u00f5es interpessoais quanto nas decis\u00f5es institucionais<\/p><p><strong>F\u00e9 &#8211;<\/strong> Celebramos e promovemos uma f\u00e9 ativa no Deus Criador, fornecendo uma base b\u00edblica s\u00f3lida para o crescimento hol\u00edstico dos nossos alunos e de toda a comunidade escolar.\u00a0<\/p><p><strong>Discipulado &#8211;<\/strong> Acreditamos no discipulado como uma ferramenta poderosa de ensino. Nosso objetivo \u00e9 ensinar, corrigir e capacitar os alunos para que se tornem agentes de transforma\u00e7\u00e3o na sociedade. Jesus dedicou tempo para ensinar e orientar seus disc\u00edpulos, corrigindo-os e preparando-os para sua miss\u00e3o. Da mesma maneira, atrav\u00e9s do discipulado, buscamos moldar l\u00edderes que fa\u00e7am a diferen\u00e7a em suas comunidades e no mundo.<\/p><p><strong>Bondade &#8211;<\/strong> A bondade \u00e9 um valor central que desejamos ver refletido em todas as intera\u00e7\u00f5es dentro da nossa escola. Acreditamos que existe uma refer\u00eancia absoluta de bondade em como Jesus tratava as pessoas, tendo compaix\u00e3o dos pecadores, curando os enfermos, acolhendo todos aqueles que O buscavam, e trazendo dignidade \u00e0 humanidade. Encorajamos atos de gentileza, compaix\u00e3o e empatia entre alunos, professores e toda a comunidade escolar. A bondade cria um ambiente acolhedor e seguro, onde todos se sentem valorizados e respeitados.<\/p><p><strong>Excel\u00eancia &#8211;<\/strong> A excel\u00eancia acad\u00eamica \u00e9 uma meta, mas tamb\u00e9m valorizamos o desenvolvimento pessoal, espiritual e emocional dos nossos alunos. Promovemos um ambiente onde cada indiv\u00edduo \u00e9 incentivado a alcan\u00e7ar seu potencial m\u00e1ximo, fornecendo os recursos e o apoio necess\u00e1rios para que isso aconte\u00e7a. Acreditamos que ao buscar a excel\u00eancia, honramos a Deus e preparamos nossos alunos para serem l\u00edderes competentes e \u00e9ticos em todas as \u00e1reas da vida.<\/p><div>\u00a0<\/div>\t\t\t\t\t\t\t\t<\/div>\n\t\t\t\t<\/div>\n\t\t\t\t\t<\/div>\n\t\t<\/div>\n\t\t\t\t<div class=\"elementor-column elementor-col-50 elementor-inner-column elementor-element elementor-element-4526a8ef elementor-invisible\" data-id=\"4526a8ef\" data-element_type=\"column\" data-settings=\"{&quot;animation&quot;:&quot;fadeInRight&quot;}\">\n\t\t\t<div class=\"elementor-widget-wrap elementor-element-populated\">\n\t\t\t\t\t\t<div class=\"elementor-element elementor-element-15a42151 elementor-widget__width-initial elementor-widget-mobile__width-initial elementor-widget elementor-widget-spacer\" data-id=\"15a42151\" data-element_type=\"widget\" data-widget_type=\"spacer.default\">\n\t\t\t\t<div class=\"elementor-widget-container\">\n\t\t\t\t\t\t\t<div class=\"elementor-spacer\">\n\t\t\t<div class=\"elementor-spacer-inner\"><\/div>\n\t\t<\/div>\n\t\t\t\t\t\t<\/div>\n\t\t\t\t<\/div>\n\t\t\t\t<div class=\"elementor-element elementor-element-13904dff elementor-widget elementor-widget-image\" data-id=\"13904dff\" data-element_type=\"widget\" data-widget_type=\"image.default\">\n\t\t\t\t<div class=\"elementor-widget-container\">\n\t\t\t\t\t\t\t\t\t\t\t\t\t\t\t<img fetchpriority=\"high\" decoding=\"async\" width=\"1707\" height=\"2560\" src=\"https:\/\/victoryis.org\/wp-content\/uploads\/2024\/10\/Victory-090-1-scaled.jpg\" class=\"attachment-full size-full wp-image-16613\" alt=\"\" srcset=\"https:\/\/victoryis.org\/wp-content\/uploads\/2024\/10\/Victory-090-1-scaled.jpg 1707w, https:\/\/victoryis.org\/wp-content\/uploads\/2024\/10\/Victory-090-1-200x300.jpg 200w, https:\/\/victoryis.org\/wp-content\/uploads\/2024\/10\/Victory-090-1-683x1024.jpg 683w, https:\/\/victoryis.org\/wp-content\/uploads\/2024\/10\/Victory-090-1-768x1152.jpg 768w, https:\/\/victoryis.org\/wp-content\/uploads\/2024\/10\/Victory-090-1-1024x1536.jpg 1024w, https:\/\/victoryis.org\/wp-content\/uploads\/2024\/10\/Victory-090-1-1365x2048.jpg 1365w, https:\/\/victoryis.org\/wp-content\/uploads\/2024\/10\/Victory-090-1-1320x1980.jpg 1320w\" sizes=\"(max-width: 1707px) 100vw, 1707px\" \/>\t\t\t\t\t\t\t\t\t\t\t\t\t\t\t<\/div>\n\t\t\t\t<\/div>\n\t\t\t\t\t<\/div>\n\t\t<\/div>\n\t\t\t\t\t<\/div>\n\t\t<\/section>\n\t\t\t\t\t<\/div>\n\t\t<\/div>\n\t\t\t\t\t<\/div>\n\t\t<\/section>\n\t\t\t\t<\/div>","protected":false},"excerpt":{"rendered":"<p>Miss\u00e3o, vis\u00e3o e valores 1. Miss\u00e3o Formar l\u00edderes com cosmovis\u00e3o b\u00edblica que ser\u00e3o agentes de influ\u00eancia e transforma\u00e7\u00e3o na sociedade.<\/p>","protected":false},"author":1,"featured_media":0,"parent":0,"menu_order":0,"comment_status":"closed","ping_status":"closed","template":"","meta":{"footnotes":""},"class_list":["post-16567","page","type-page","status-publish","hentry"],"_links":{"self":[{"href":"https:\/\/victoryis.org\/en\/wp-json\/wp\/v2\/pages\/16567","targetHints":{"allow":["GET"]}}],"collection":[{"href":"https:\/\/victoryis.org\/en\/wp-json\/wp\/v2\/pages"}],"about":[{"href":"https:\/\/victoryis.org\/en\/wp-json\/wp\/v2\/types\/page"}],"author":[{"embeddable":true,"href":"https:\/\/victoryis.org\/en\/wp-json\/wp\/v2\/users\/1"}],"replies":[{"embeddable":true,"href":"https:\/\/victoryis.org\/en\/wp-json\/wp\/v2\/comments?post=16567"}],"version-history":[{"count":11,"href":"https:\/\/victoryis.org\/en\/wp-json\/wp\/v2\/pages\/16567\/revisions"}],"predecessor-version":[{"id":17524,"href":"https:\/\/victoryis.org\/en\/wp-json\/wp\/v2\/pages\/16567\/revisions\/17524"}],"wp:attachment":[{"href":"https:\/\/victoryis.org\/en\/wp-json\/wp\/v2\/media?parent=16567"}],"curies":[{"name":"wp","href":"https:\/\/api.w.org\/{rel}","templated":true}]}}